{"id":145,"date":"2019-02-01T12:06:26","date_gmt":"2019-02-01T12:06:26","guid":{"rendered":"http:\/\/techno-welding.com\/de\/?page_id=145"},"modified":"2019-02-27T06:59:02","modified_gmt":"2019-02-27T06:59:02","slug":"macro-project","status":"publish","type":"page","link":"https:\/\/techno-welding.com\/de\/macro-project\/","title":{"rendered":"Makro-Projekte"},"content":{"rendered":"\n<h4 class=\"wp-block-heading\">Unser Know-how erm\u00f6glicht es uns, f\u00fcr unsere Kunden an seri\u00f6sen und gro\u00dfen Projekten zu arbeiten:<\/h4>\n\n\n\n<ul class=\"wp-block-gallery columns-3 is-cropped wp-block-gallery-1 is-layout-flex wp-block-gallery-is-layout-flex\"><li class=\"blocks-gallery-item\"><figure><img loading=\"lazy\" decoding=\"async\" width=\"768\" height=\"1024\" src=\"https:\/\/techno-welding.com\/de\/wp-content\/uploads\/2019\/02\/52820245_2253327484987641_8962553490605867008_n-768x1024.jpg\" alt=\"\" data-id=\"501\" data-link=\"https:\/\/techno-welding.com\/de\/52820245_2253327484987641_8962553490605867008_n\/\" class=\"wp-image-501\" srcset=\"https:\/\/techno-welding.com\/de\/wp-content\/uploads\/2019\/02\/52820245_2253327484987641_8962553490605867008_n-768x1024.jpg 768w, https:\/\/techno-welding.com\/de\/wp-content\/uploads\/2019\/02\/52820245_2253327484987641_8962553490605867008_n-225x300.jpg 225w, https:\/\/techno-welding.com\/de\/wp-content\/uploads\/2019\/02\/52820245_2253327484987641_8962553490605867008_n.jpg 960w\" sizes=\"auto, (max-width: 768px) 100vw, 768px\" \/><\/figure><\/li><li class=\"blocks-gallery-item\"><figure><img loading=\"lazy\" decoding=\"async\" width=\"600\" height=\"450\" src=\"https:\/\/techno-welding.com\/de\/wp-content\/uploads\/2019\/01\/makro-konstr-3-1.jpg\" alt=\"\" data-id=\"63\" data-link=\"https:\/\/techno-welding.com\/de\/portfolio\/heavy-construction-beams__trashed\/makro-konstr-3-2\/\" class=\"wp-image-63\" srcset=\"https:\/\/techno-welding.com\/de\/wp-content\/uploads\/2019\/01\/makro-konstr-3-1.jpg 600w, https:\/\/techno-welding.com\/de\/wp-content\/uploads\/2019\/01\/makro-konstr-3-1-300x225.jpg 300w\" sizes=\"auto, (max-width: 600px) 100vw, 600px\" \/><\/figure><\/li><li class=\"blocks-gallery-item\"><figure><img loading=\"lazy\" decoding=\"async\" width=\"1024\" height=\"535\" src=\"https:\/\/techno-welding.com\/de\/wp-content\/uploads\/2019\/02\/makro-konstr-13-1024x535.jpg\" alt=\"\" data-id=\"100\" data-link=\"https:\/\/techno-welding.com\/de\/portfolio\/roof-beams__trashed\/makro-konstr-13\/\" class=\"wp-image-100\"\/><\/figure><\/li><li class=\"blocks-gallery-item\"><figure><img loading=\"lazy\" decoding=\"async\" width=\"600\" height=\"450\" src=\"https:\/\/techno-welding.com\/de\/wp-content\/uploads\/2019\/01\/makro-konstr-7-e1549011151968.jpg\" alt=\"\" data-id=\"65\" data-link=\"https:\/\/techno-welding.com\/de\/makro-konstr-7\/\" class=\"wp-image-65\" srcset=\"https:\/\/techno-welding.com\/de\/wp-content\/uploads\/2019\/01\/makro-konstr-7-e1549011151968.jpg 600w, https:\/\/techno-welding.com\/de\/wp-content\/uploads\/2019\/01\/makro-konstr-7-e1549011151968-300x225.jpg 300w\" sizes=\"auto, (max-width: 600px) 100vw, 600px\" \/><\/figure><\/li><li class=\"blocks-gallery-item\"><figure><img loading=\"lazy\" decoding=\"async\" width=\"600\" height=\"448\" src=\"https:\/\/techno-welding.com\/de\/wp-content\/uploads\/2019\/02\/makro-konstr-15-1-e1549010966139.jpg\" alt=\"\" data-id=\"110\" data-link=\"https:\/\/techno-welding.com\/de\/makro-konstr-15-2\/\" class=\"wp-image-110\" srcset=\"https:\/\/techno-welding.com\/de\/wp-content\/uploads\/2019\/02\/makro-konstr-15-1-e1549010966139.jpg 600w, https:\/\/techno-welding.com\/de\/wp-content\/uploads\/2019\/02\/makro-konstr-15-1-e1549010966139-300x224.jpg 300w\" sizes=\"auto, (max-width: 600px) 100vw, 600px\" \/><\/figure><\/li><li class=\"blocks-gallery-item\"><figure><img loading=\"lazy\" decoding=\"async\" width=\"599\" height=\"450\" src=\"https:\/\/techno-welding.com\/de\/wp-content\/uploads\/2019\/02\/makro-konstr-5-e1549011074142.jpg\" alt=\"\" data-id=\"98\" data-link=\"https:\/\/techno-welding.com\/de\/portfolio\/roof-beams__trashed\/makro-konstr-5\/\" class=\"wp-image-98\" srcset=\"https:\/\/techno-welding.com\/de\/wp-content\/uploads\/2019\/02\/makro-konstr-5-e1549011074142.jpg 599w, https:\/\/techno-welding.com\/de\/wp-content\/uploads\/2019\/02\/makro-konstr-5-e1549011074142-300x225.jpg 300w\" sizes=\"auto, (max-width: 599px) 100vw, 599px\" \/><\/figure><\/li><li class=\"blocks-gallery-item\"><figure><img loading=\"lazy\" decoding=\"async\" width=\"600\" height=\"451\" src=\"https:\/\/techno-welding.com\/de\/wp-content\/uploads\/2019\/02\/makro-konstr-9-e1549010811263.jpg\" alt=\"\" data-id=\"108\" data-link=\"https:\/\/techno-welding.com\/de\/makro-konstr-9-2\/\" class=\"wp-image-108\" srcset=\"https:\/\/techno-welding.com\/de\/wp-content\/uploads\/2019\/02\/makro-konstr-9-e1549010811263.jpg 600w, https:\/\/techno-welding.com\/de\/wp-content\/uploads\/2019\/02\/makro-konstr-9-e1549010811263-300x226.jpg 300w\" sizes=\"auto, (max-width: 600px) 100vw, 600px\" \/><\/figure><\/li><li class=\"blocks-gallery-item\"><figure><img loading=\"lazy\" decoding=\"async\" width=\"1024\" height=\"360\" src=\"https:\/\/techno-welding.com\/de\/wp-content\/uploads\/2019\/02\/makro-konstr-17-1-1024x360.jpg\" alt=\"\" data-id=\"109\" data-link=\"https:\/\/techno-welding.com\/de\/makro-konstr-17-2\/\" class=\"wp-image-109\"\/><\/figure><\/li><li class=\"blocks-gallery-item\"><figure><img loading=\"lazy\" decoding=\"async\" width=\"600\" height=\"450\" src=\"https:\/\/techno-welding.com\/de\/wp-content\/uploads\/2019\/02\/makro-konstr-1-e1549010655401.jpg\" alt=\"\" data-id=\"97\" data-link=\"https:\/\/techno-welding.com\/de\/portfolio\/roof-beams__trashed\/makro-konstr-1\/\" class=\"wp-image-97\"\/><\/figure><\/li><li class=\"blocks-gallery-item\"><figure><img loading=\"lazy\" decoding=\"async\" width=\"600\" height=\"450\" src=\"https:\/\/techno-welding.com\/de\/wp-content\/uploads\/2019\/01\/makro-konstr-11-e1549011103408.jpg\" alt=\"\" data-id=\"67\" data-link=\"https:\/\/techno-welding.com\/de\/portfolio\/heavy-metal-construction__trashed\/olympus-digital-camera\/\" class=\"wp-image-67\"\/><\/figure><\/li><\/ul>\n\n\n\n<p>  <\/p>\n\n\n\n<h3 class=\"wp-block-heading\">Wenn Sie ein interessantes Projekt haben und eine Zusammenarbeit mit unserem Team w\u00fcnschen, kontaktieren Sie uns bitte: <\/h3>\n\n\n\n<div class=\"wp-block-button is-style-default\"><a class=\"wp-block-button__link has-text-color has-background\" href=\"https:\/\/techno-welding.com\/de\/techno-welding\/\" style=\"background-color:#d4b498;color:#ffffff\">Kontakt<\/a><\/div>\n","protected":false},"excerpt":{"rendered":"<p>Unser Know-how erm\u00f6glicht es uns, f\u00fcr unsere Kunden an seri\u00f6sen und gro\u00dfen Projekten zu arbeiten: Wenn Sie ein interessantes Projekt haben und eine Zusammenarbeit mit unserem Team w\u00fcnschen, kontaktieren Sie uns bitte:<\/p>\n","protected":false},"author":1,"featured_media":0,"parent":0,"menu_order":0,"comment_status":"closed","ping_status":"closed","template":"","meta":{"footnotes":""},"class_list":["post-145","page","type-page","status-publish","hentry"],"_links":{"self":[{"href":"https:\/\/techno-welding.com\/de\/wp-json\/wp\/v2\/pages\/145","targetHints":{"allow":["GET"]}}],"collection":[{"href":"https:\/\/techno-welding.com\/de\/wp-json\/wp\/v2\/pages"}],"about":[{"href":"https:\/\/techno-welding.com\/de\/wp-json\/wp\/v2\/types\/page"}],"author":[{"embeddable":true,"href":"https:\/\/techno-welding.com\/de\/wp-json\/wp\/v2\/users\/1"}],"replies":[{"embeddable":true,"href":"https:\/\/techno-welding.com\/de\/wp-json\/wp\/v2\/comments?post=145"}],"version-history":[{"count":13,"href":"https:\/\/techno-welding.com\/de\/wp-json\/wp\/v2\/pages\/145\/revisions"}],"predecessor-version":[{"id":508,"href":"https:\/\/techno-welding.com\/de\/wp-json\/wp\/v2\/pages\/145\/revisions\/508"}],"wp:attachment":[{"href":"https:\/\/techno-welding.com\/de\/wp-json\/wp\/v2\/media?parent=145"}],"curies":[{"name":"wp","href":"https:\/\/api.w.org\/{rel}","templated":true}]}}