{"id":140,"date":"2019-02-01T12:05:46","date_gmt":"2019-02-01T12:05:46","guid":{"rendered":"http:\/\/techno-welding.com\/de\/?page_id=140"},"modified":"2020-02-29T09:19:49","modified_gmt":"2020-02-29T09:19:49","slug":"micro-projects","status":"publish","type":"page","link":"https:\/\/techno-welding.com\/de\/micro-projects\/","title":{"rendered":"Mikro-Projekte"},"content":{"rendered":"\n<h4 class=\"wp-block-heading\">Wir arbeiten nicht nur f\u00fcr Unternehmen, sondern auch f\u00fcr Einzelpersonen, die Hilfe bei der Umsetzung ihrer Ideen suchen. Einige der Produkte, die wir f\u00fce Sie herstellen k\u00f6nnen, sind:<\/h4>\n\n\n\n<blockquote class=\"wp-block-quote is-layout-flow wp-block-quote-is-layout-flow\"><p>Moderne Innentreppe<\/p><\/blockquote>\n\n\n\n<ul class=\"wp-block-gallery columns-3 is-cropped wp-block-gallery-1 is-layout-flex wp-block-gallery-is-layout-flex\"><li class=\"blocks-gallery-item\"><figure><img loading=\"lazy\" decoding=\"async\" width=\"347\" height=\"463\" src=\"http:\/\/techno-welding.com\/de\/wp-content\/uploads\/2019\/01\/mikro-step-home-2.jpg\" alt=\"\" data-id=\"55\" data-link=\"http:\/\/techno-welding.com\/de\/mikro-step-home-2\/\" class=\"wp-image-55\" srcset=\"https:\/\/techno-welding.com\/de\/wp-content\/uploads\/2019\/01\/mikro-step-home-2.jpg 347w, https:\/\/techno-welding.com\/de\/wp-content\/uploads\/2019\/01\/mikro-step-home-2-225x300.jpg 225w\" sizes=\"auto, (max-width: 347px) 100vw, 347px\" \/><\/figure><\/li><li class=\"blocks-gallery-item\"><figure><img loading=\"lazy\" decoding=\"async\" width=\"1024\" height=\"768\" src=\"http:\/\/techno-welding.com\/de\/wp-content\/uploads\/2019\/01\/mikro-step-home-3-1024x768.jpg\" alt=\"\" data-id=\"56\" data-link=\"http:\/\/techno-welding.com\/de\/mikro-step-home-3\/\" class=\"wp-image-56\" srcset=\"https:\/\/techno-welding.com\/de\/wp-content\/uploads\/2019\/01\/mikro-step-home-3-1024x768.jpg 1024w, https:\/\/techno-welding.com\/de\/wp-content\/uploads\/2019\/01\/mikro-step-home-3-300x225.jpg 300w, https:\/\/techno-welding.com\/de\/wp-content\/uploads\/2019\/01\/mikro-step-home-3-768x576.jpg 768w, https:\/\/techno-welding.com\/de\/wp-content\/uploads\/2019\/01\/mikro-step-home-3.jpg 1280w\" sizes=\"auto, (max-width: 1024px) 100vw, 1024px\" \/><\/figure><\/li><li class=\"blocks-gallery-item\"><figure><img loading=\"lazy\" decoding=\"async\" width=\"777\" height=\"437\" src=\"http:\/\/techno-welding.com\/de\/wp-content\/uploads\/2019\/01\/mikro-step-home-4.jpg\" alt=\"\" data-id=\"57\" data-link=\"http:\/\/techno-welding.com\/de\/mikro-step-home-4\/\" class=\"wp-image-57\" srcset=\"https:\/\/techno-welding.com\/de\/wp-content\/uploads\/2019\/01\/mikro-step-home-4.jpg 777w, https:\/\/techno-welding.com\/de\/wp-content\/uploads\/2019\/01\/mikro-step-home-4-300x169.jpg 300w, https:\/\/techno-welding.com\/de\/wp-content\/uploads\/2019\/01\/mikro-step-home-4-768x432.jpg 768w\" sizes=\"auto, (max-width: 777px) 100vw, 777px\" \/><\/figure><\/li><\/ul>\n\n\n\n<blockquote class=\"wp-block-quote is-layout-flow wp-block-quote-is-layout-flow\"><p>Tore<\/p><\/blockquote>\n\n\n\n<ul class=\"wp-block-gallery columns-2 is-cropped wp-block-gallery-2 is-layout-flex wp-block-gallery-is-layout-flex\"><li class=\"blocks-gallery-item\"><figure><img loading=\"lazy\" decoding=\"async\" width=\"724\" height=\"511\" src=\"http:\/\/techno-welding.com\/de\/wp-content\/uploads\/2019\/01\/mikro-kap-1.jpg\" alt=\"\" data-id=\"48\" data-link=\"http:\/\/techno-welding.com\/de\/mikro-kap-1\/\" class=\"wp-image-48\" srcset=\"https:\/\/techno-welding.com\/de\/wp-content\/uploads\/2019\/01\/mikro-kap-1.jpg 724w, https:\/\/techno-welding.com\/de\/wp-content\/uploads\/2019\/01\/mikro-kap-1-300x212.jpg 300w\" sizes=\"auto, (max-width: 724px) 100vw, 724px\" \/><\/figure><\/li><li class=\"blocks-gallery-item\"><figure><img loading=\"lazy\" decoding=\"async\" width=\"930\" height=\"300\" src=\"http:\/\/techno-welding.com\/de\/wp-content\/uploads\/2019\/01\/mikro-kap-3.jpg\" alt=\"\" data-id=\"49\" data-link=\"http:\/\/techno-welding.com\/de\/mikro-kap-3\/\" class=\"wp-image-49\" srcset=\"https:\/\/techno-welding.com\/de\/wp-content\/uploads\/2019\/01\/mikro-kap-3.jpg 930w, https:\/\/techno-welding.com\/de\/wp-content\/uploads\/2019\/01\/mikro-kap-3-300x97.jpg 300w, https:\/\/techno-welding.com\/de\/wp-content\/uploads\/2019\/01\/mikro-kap-3-768x248.jpg 768w\" sizes=\"auto, (max-width: 930px) 100vw, 930px\" \/><\/figure><\/li><\/ul>\n\n\n\n<blockquote class=\"wp-block-quote is-layout-flow wp-block-quote-is-layout-flow\"><p>Z\u00e4une<\/p><\/blockquote>\n\n\n\n<ul class=\"wp-block-gallery columns-1 is-cropped wp-block-gallery-3 is-layout-flex wp-block-gallery-is-layout-flex\"><li class=\"blocks-gallery-item\"><figure><img loading=\"lazy\" decoding=\"async\" width=\"800\" height=\"573\" src=\"http:\/\/techno-welding.com\/de\/wp-content\/uploads\/2019\/01\/mikro-ogr-1.jpg\" alt=\"\" data-id=\"50\" data-link=\"http:\/\/techno-welding.com\/de\/mikro-ogr-1\/\" class=\"wp-image-50\" srcset=\"https:\/\/techno-welding.com\/de\/wp-content\/uploads\/2019\/01\/mikro-ogr-1.jpg 800w, https:\/\/techno-welding.com\/de\/wp-content\/uploads\/2019\/01\/mikro-ogr-1-300x215.jpg 300w, https:\/\/techno-welding.com\/de\/wp-content\/uploads\/2019\/01\/mikro-ogr-1-768x550.jpg 768w\" sizes=\"auto, (max-width: 800px) 100vw, 800px\" \/><\/figure><\/li><\/ul>\n\n\n\n<blockquote class=\"wp-block-quote is-layout-flow wp-block-quote-is-layout-flow\"><p>Au\u00dfentreppen aus Metall<\/p><\/blockquote>\n\n\n\n<ul class=\"wp-block-gallery columns-3 is-cropped wp-block-gallery-4 is-layout-flex wp-block-gallery-is-layout-flex\"><li class=\"blocks-gallery-item\"><figure><img loading=\"lazy\" decoding=\"async\" width=\"420\" height=\"375\" src=\"http:\/\/techno-welding.com\/de\/wp-content\/uploads\/2019\/01\/mikro-step-1.jpg\" alt=\"\" data-id=\"51\" data-link=\"http:\/\/techno-welding.com\/de\/mikro-step-1\/\" class=\"wp-image-51\" srcset=\"https:\/\/techno-welding.com\/de\/wp-content\/uploads\/2019\/01\/mikro-step-1.jpg 420w, https:\/\/techno-welding.com\/de\/wp-content\/uploads\/2019\/01\/mikro-step-1-300x268.jpg 300w\" sizes=\"auto, (max-width: 420px) 100vw, 420px\" \/><\/figure><\/li><li class=\"blocks-gallery-item\"><figure><img loading=\"lazy\" decoding=\"async\" width=\"1024\" height=\"791\" src=\"http:\/\/techno-welding.com\/de\/wp-content\/uploads\/2019\/01\/mikro-step-5-1024x791.jpg\" alt=\"\" data-id=\"53\" data-link=\"http:\/\/techno-welding.com\/de\/mikro-step-5\/\" class=\"wp-image-53\" srcset=\"https:\/\/techno-welding.com\/de\/wp-content\/uploads\/2019\/01\/mikro-step-5.jpg 1024w, https:\/\/techno-welding.com\/de\/wp-content\/uploads\/2019\/01\/mikro-step-5-300x232.jpg 300w, https:\/\/techno-welding.com\/de\/wp-content\/uploads\/2019\/01\/mikro-step-5-768x593.jpg 768w\" sizes=\"auto, (max-width: 1024px) 100vw, 1024px\" \/><\/figure><\/li><li class=\"blocks-gallery-item\"><figure><img loading=\"lazy\" decoding=\"async\" width=\"336\" height=\"448\" src=\"http:\/\/techno-welding.com\/de\/wp-content\/uploads\/2019\/01\/mikro-step-3.jpg\" alt=\"\" data-id=\"52\" data-link=\"http:\/\/techno-welding.com\/de\/mikro-step-3\/\" class=\"wp-image-52\" srcset=\"https:\/\/techno-welding.com\/de\/wp-content\/uploads\/2019\/01\/mikro-step-3.jpg 336w, https:\/\/techno-welding.com\/de\/wp-content\/uploads\/2019\/01\/mikro-step-3-225x300.jpg 225w\" sizes=\"auto, (max-width: 336px) 100vw, 336px\" \/><\/figure><\/li><\/ul>\n\n\n\n<h3 class=\"wp-block-heading\" id=\"mce_15\"> Wenn Sie ein interessantes Projekt haben und eine Zusammenarbeit mit unserem Team w\u00fcnschen, kontaktieren Sie uns bitte: <\/h3>\n\n\n\n<div class=\"wp-block-button is-style-default\"><a class=\"wp-block-button__link has-text-color has-background\" href=\"https:\/\/techno-welding.com\/de\/techno-welding\/\" style=\"background-color:#d4b498;color:#ffffff\">Kontakt<\/a><\/div>\n","protected":false},"excerpt":{"rendered":"<p>Wir arbeiten nicht nur f\u00fcr Unternehmen, sondern auch f\u00fcr Einzelpersonen, die Hilfe bei der Umsetzung ihrer Ideen suchen. Einige der Produkte, die wir f\u00fce Sie herstellen k\u00f6nnen, sind: Moderne Innentreppe Tore Z\u00e4une Au\u00dfentreppen aus Metall Wenn Sie ein interessantes Projekt haben und eine Zusammenarbeit mit unserem Team w\u00fcnschen, kontaktieren Sie uns bitte:<\/p>\n","protected":false},"author":1,"featured_media":0,"parent":0,"menu_order":0,"comment_status":"closed","ping_status":"closed","template":"","meta":{"footnotes":""},"class_list":["post-140","page","type-page","status-publish","hentry"],"_links":{"self":[{"href":"https:\/\/techno-welding.com\/de\/wp-json\/wp\/v2\/pages\/140","targetHints":{"allow":["GET"]}}],"collection":[{"href":"https:\/\/techno-welding.com\/de\/wp-json\/wp\/v2\/pages"}],"about":[{"href":"https:\/\/techno-welding.com\/de\/wp-json\/wp\/v2\/types\/page"}],"author":[{"embeddable":true,"href":"https:\/\/techno-welding.com\/de\/wp-json\/wp\/v2\/users\/1"}],"replies":[{"embeddable":true,"href":"https:\/\/techno-welding.com\/de\/wp-json\/wp\/v2\/comments?post=140"}],"version-history":[{"count":6,"href":"https:\/\/techno-welding.com\/de\/wp-json\/wp\/v2\/pages\/140\/revisions"}],"predecessor-version":[{"id":524,"href":"https:\/\/techno-welding.com\/de\/wp-json\/wp\/v2\/pages\/140\/revisions\/524"}],"wp:attachment":[{"href":"https:\/\/techno-welding.com\/de\/wp-json\/wp\/v2\/media?parent=140"}],"curies":[{"name":"wp","href":"https:\/\/api.w.org\/{rel}","templated":true}]}}